{"id":271,"date":"2026-02-07T00:16:38","date_gmt":"2026-02-07T00:16:38","guid":{"rendered":"https:\/\/regattas.bodrumsporyelken.org\/home\/"},"modified":"2026-03-13T08:06:16","modified_gmt":"2026-03-13T08:06:16","slug":"home","status":"publish","type":"page","link":"https:\/\/regattas.bodrumsporyelken.org\/tr\/","title":{"rendered":"Anasayfa"},"content":{"rendered":"<div  class=\"tpgb-container-row tpgb-block-f7ac_271  tpgb-nxtcont-type    alignwide   tpgb-container-wide  \" data-id=\"f7ac_271\"  ><div class=\"tpgb-cont-in\">\n<div class=\"tpgb-container-col tpgb-block-2e28_271 \" data-id=\"2e28_271\"  >\n\n<h1 class=\"wp-block-tpgb-tp-heading tp-core-heading tpgb-block-3aaf_271\">Bodrum&#8217;daki Yelken Yar\u0131\u015flar\u0131m\u0131z\u0131 Ke\u015ffedin<\/h1>\n\n<\/div>\n\n<div class=\"tpgb-container-col tpgb-block-ad0c_271 \" data-id=\"ad0c_271\"  >\n\n<div class=\"tpgb-pro-paragraph tpgb-block-77ba_271\"><div class=\"pro-paragraph-inner\"><p>Yar\u0131\u015f bilgileri, programlar, \u00e7evrimi\u00e7i kay\u0131t ve resmi sporcu listeleri dahil olmak \u00fczere t\u00fcm Bodrumspor Yelken Regatta etkinliklerinden haberdar olun. Bior Regatta ve Mandarin Ragatta gibi ulusal ve uluslararas\u0131 regattalar\u0131m\u0131z\u0131 takip edin ve T\u00fcrkiye&#8217;nin Ege k\u0131y\u0131lar\u0131nda rekabet\u00e7i yelken ruhuna kat\u0131l\u0131n.<\/p><\/div><\/div>\n\n<\/div>\n<\/div><\/div>\n\n<div  class=\"tpgb-container-row tpgb-block-ddc5_271  tpgb-nxtcont-type    alignwide   tpgb-container-wide  \" data-id=\"ddc5_271\"  ><div class=\"tpgb-cont-in\">\n<div class=\"tpgb-container-col tpgb-block-34d6_271  tpgb-col-link\" data-id=\"34d6_271\"  data-tpgb-col-link= \"\/tr\/bior\/\"  data-target=\"_self\" >\n<div  class=\"tpgb-container-row tpgb-block-bffd_271  tpgb-nxtcont-type tpgb-container-271    alignwide   tpgb-container-inline tpgb-container-wide  \" data-id=\"bffd_271\"  ><div class=\"tpgb-cont-in\">\n\n<div class=\"tpgb-pro-paragraph tpgb-block-1f5b_271 tpgb-block-info-line_global00509\"><div class=\"pro-paragraph-inner\"><p>Bior<\/p><\/div><\/div>\n\n<\/div><\/div>\n<\/div>\n\n<div class=\"tpgb-container-col tpgb-block-2147_271  tpgb-col-link\" data-id=\"2147_271\"  data-tpgb-col-link= \"\/tr\/mandarin\/\"  data-target=\"_self\" >\n<div  class=\"tpgb-container-row tpgb-block-32e4_271  tpgb-nxtcont-type tpgb-container-271    alignwide   tpgb-container-inline tpgb-container-wide  \" data-id=\"32e4_271\"  ><div class=\"tpgb-cont-in\">\n\n<div class=\"tpgb-pro-paragraph tpgb-block-304d_271 tpgb-block-info-line_global00509\"><div class=\"pro-paragraph-inner\"><p>Mandarin<\/p><\/div><\/div>\n\n<\/div><\/div>\n<\/div>\n\n<div class=\"tpgb-container-col tpgb-block-0f50_271  tpgb-col-link\" data-id=\"0f50_271\"  data-tpgb-col-link= \"\/tr\/sss\/\"  data-target=\"_self\" >\n<div  class=\"tpgb-container-row tpgb-block-0e10_271  tpgb-nxtcont-type tpgb-container-271    alignwide   tpgb-container-inline tpgb-container-wide  \" data-id=\"0e10_271\"  ><div class=\"tpgb-cont-in\">\n\n<div class=\"tpgb-pro-paragraph tpgb-block-f0d8_271 tpgb-block-info-line_global00509\"><div class=\"pro-paragraph-inner\"><p>SSS<\/p><\/div><\/div>\n\n<\/div><\/div>\n<\/div>\n<\/div><\/div>\n\n<div  class=\"tpgb-container-row tpgb-block-9cc1_271  tpgb-nxtcont-type    alignwide   tpgb-container-inline tpgb-container-wide  \" data-id=\"9cc1_271\"  ><div class=\"tpgb-cont-in\">\n<div  class=\"tpgb-heading-title tpgb-relative-block heading_style tpgb-block-bd99_271  heading-style-1\"><div class=\"sub-style\"><div class=\"sub-heading \"><span class=\"heading-sub-title\">\u00d6nemli Bilgiler<\/span><\/div><div class=\"head-title \"><h2 class=\"heading-title\">Her \u015feyi tek bir sayfada bulun<\/h2><\/div><\/div><\/div>\n\n\n<div class=\"tpgb-pro-paragraph tpgb-block-5e50_271\"><div class=\"pro-paragraph-inner\"><p>Bodrumspor Yelken Yar\u0131\u015f\u0131 etkinlikleri i\u00e7in ihtiyac\u0131n\u0131z olan her \u015feyi tek bir yerde bulun. Yar\u0131\u015f detaylar\u0131n\u0131 ve programlar\u0131n\u0131 kontrol edin, \u00e7evrimi\u00e7i kay\u0131t i\u015flemini tamamlay\u0131n ve g\u00fcncellenmi\u015f sporcu ve sonu\u00e7 listelerini g\u00f6r\u00fcnt\u00fcleyerek yar\u0131\u015fmay\u0131 ba\u015ftan sona takip edin.<\/p><\/div><\/div>\n\n<\/div><\/div>\n\n<div  class=\"tpgb-container-row tpgb-block-630e_271  tpgb-nxtcont-type    alignwide   tpgb-container-wide  \" data-id=\"630e_271\"  ><div class=\"tpgb-cont-in\">\n<div class=\"tpgb-container-col tpgb-block-9bbf_271 \" data-id=\"9bbf_271\"  >\n<div class=\"tpgb-infobox tpgb-relative-block tpgb-trans-linear tpgb-block-10e0_271  info-box-style-3 \" ><div class=\"post-inner-loop \"><div class=\"info-box-inner tpgb-trans-linear tpgb_cnt_hvr_effect tpgb-relative-block tp-info-nc cnt_hvr_\"><div class=\"info-box-bg-box tpgb-trans-linear \"><div class=\"text-alignment\"><div class=\"style-3\"><div class=\"info-icon-content\"><div class=\"service-icon-wrap tpgb-trans-linear\"><span class=\"service-icon tpgb-trans-linear  icon-square\"><i class=\"far fa-calendar\"><\/i><\/span><\/div><\/div><div class=\"service-title tpgb-trans-linear\">Regatta Takvimi ve Yar\u0131\u015f Bilgileri<\/div><div class=\"service-desc tpgb-trans-linear\">Bodrumspor Yelken regatta etkinliklerinin tarihlerini, yar\u0131\u015f duyurular\u0131n\u0131, yelken talimatlar\u0131n\u0131 ve pratik yar\u0131\u015f detaylar\u0131n\u0131 takip edin.<\/div><\/div><\/div><\/div><div class=\"infobox-overlay-color tpgb-trans-linear\"><\/div><\/div><\/div><\/div>\n<\/div>\n\n<div class=\"tpgb-container-col tpgb-block-f320_271 \" data-id=\"f320_271\"  >\n<div class=\"tpgb-infobox tpgb-relative-block tpgb-trans-linear tpgb-block-b4c9_271  info-box-style-3 \" ><div class=\"post-inner-loop \"><div class=\"info-box-inner tpgb-trans-linear tpgb_cnt_hvr_effect tpgb-relative-block tp-info-nc cnt_hvr_\"><div class=\"info-box-bg-box tpgb-trans-linear \"><div class=\"text-alignment\"><div class=\"style-3\"><div class=\"info-icon-content\"><div class=\"service-icon-wrap tpgb-trans-linear\"><span class=\"service-icon tpgb-trans-linear  icon-square\"><i class=\"far fa-plus-square\"><\/i><\/span><\/div><\/div><div class=\"service-title tpgb-trans-linear\">\u00c7evrimi\u00e7i Kay\u0131t<\/div><div class=\"service-desc tpgb-trans-linear\">Teknenizi ve m\u00fcrettebat\u0131n\u0131z\u0131 birka\u00e7 dakika i\u00e7inde \u00e7evrimi\u00e7i olarak kaydettirin ve ba\u015flang\u0131\u00e7 \u00e7izgisinde yerinizi garantileyin.<\/div><\/div><\/div><\/div><div class=\"infobox-overlay-color tpgb-trans-linear\"><\/div><\/div><\/div><\/div>\n<\/div>\n\n<div class=\"tpgb-container-col tpgb-block-68bf_271 \" data-id=\"68bf_271\"  >\n<div class=\"tpgb-infobox tpgb-relative-block tpgb-trans-linear tpgb-block-0d75_271  info-box-style-3 \" ><div class=\"post-inner-loop \"><div class=\"info-box-inner tpgb-trans-linear tpgb_cnt_hvr_effect tpgb-relative-block tp-info-nc cnt_hvr_\"><div class=\"info-box-bg-box tpgb-trans-linear \"><div class=\"text-alignment\"><div class=\"style-3\"><div class=\"info-icon-content\"><div class=\"service-icon-wrap tpgb-trans-linear\"><span class=\"service-icon tpgb-trans-linear  icon-square\"><i class=\"far fa-user\"><\/i><\/span><\/div><\/div><div class=\"service-title tpgb-trans-linear\">Sporcu ve Sonu\u00e7 Listeleri<\/div><div class=\"service-desc tpgb-trans-linear\">T\u00fcm Bodrumspor Yelken regatta etkinlikleri i\u00e7in kay\u0131tl\u0131 sporcular\u0131, filolar\u0131 ve resmi yar\u0131\u015f sonu\u00e7lar\u0131n\u0131 g\u00f6r\u00fcnt\u00fcleyin.<\/div><\/div><\/div><\/div><div class=\"infobox-overlay-color tpgb-trans-linear\"><\/div><\/div><\/div><\/div>\n<\/div>\n<\/div><\/div>\n\n<div  class=\"tpgb-container-row tpgb-block-b684_271  tpgb-nxtcont-type    alignwide   tpgb-container-wide  \" data-id=\"b684_271\"  ><div class=\"tpgb-cont-in\">\n<div class=\"tpgb-container-col tpgb-block-231f_271 \" data-id=\"231f_271\"  >\n<div  class=\"tpgb-container-row tpgb-block-8f77_271  tpgb-nxtcont-type    alignwide   tpgb-container-inline tpgb-container-wide  \" data-id=\"8f77_271\"  ><div class=\"tpgb-cont-in\">\n<div  class=\"tpgb-heading-title tpgb-relative-block heading_style tpgb-block-10c1_271  heading-style-1\"><div class=\"sub-style\"><div class=\"sub-heading \"><span class=\"heading-sub-title\">Bodrum&#8217;u Ke\u015ffet<\/span><\/div><div class=\"head-title \"><h2 class=\"heading-title\">Bodrum: Yelken Yar\u0131\u015flar\u0131m\u0131z\u0131n Ana Vatan\u0131<\/h2><\/div><\/div><\/div>\n<\/div><\/div>\n\n<div  class=\"tpgb-container-row tpgb-block-7c53_271  tpgb-nxtcont-type    alignwide   tpgb-container-inline tpgb-container-wide  \" data-id=\"7c53_271\"  ><div class=\"tpgb-cont-in\">\n\n<div class=\"tpgb-pro-paragraph tpgb-block-4b8b_271\"><div class=\"pro-paragraph-inner\"><p>Ege&#8217;nin en ikonik koylar\u0131ndan birinde yelken a\u00e7\u0131n. Regatta etkinliklerimiz, T\u00fcrkiye&#8217;nin yelkencilik merkezi Bodrum&#8217;da ger\u00e7ekle\u015fiyor ve d\u00fcnyan\u0131n d\u00f6rt bir yan\u0131ndan gelen sporcular, tak\u0131mlar ve yelkencilik hayranlar\u0131 i\u00e7in ideal r\u00fczgar ko\u015fullar\u0131, modern tesisler ve canl\u0131 bir sahil atmosferi sunuyor.<\/p><\/div><\/div>\n\n\n<div class=\"tpgb-plus-button tpgb-relative-block tpgb-block-5a5b_271 button-style-1   \"><div class=\"animted-content-inner\"><a href=\"\/tr\/bodrum\/\"   class=\"button-link-wrap tpgb-trans-linear    \" role=\"button\" aria-label=\"Bodrum&#039;u Ke\u015ffet\" data-hover=\"Click Here\" ><span>Bodrum&#8217;u Ke\u015ffet<span class=\"btn-icon tpgb-trans-linear  button-after\"><i class=\"fa fa-chevron-right\"><\/i><\/span><\/span><\/a><\/div><\/div>\n<\/div><\/div>\n<\/div>\n\n<div class=\"tpgb-container-col tpgb-block-24fc_271 \" data-id=\"24fc_271\"  >\n<div class=\"tp-video tpgb-video-box tpgb-block-1742_271 video_player1742_271 \" data-id=\"1742_271\"><div class=\"tpgb_video_player tpgb-relative-block  not-touch   text-\"><div class=\"ts-video-wrapper embed-container  ts-type-youtube\"><iframe width=\"100%\"  src=\"https:\/\/www.youtube-nocookie.com\/embed\/Yb5WpHUxn48?&amp;autohide=1&amp;showtitle=0&amp;loop=1&amp;playlist=Yb5WpHUxn48&amp;controls=1&amp;showinfo=0&amp;modestbranding=1&amp;rel=0&amp;mute=1\"  frameborder=\"0\" allowfullscreen title=\"Videom\"><\/iframe><\/div><\/div><\/div>\n<\/div>\n<\/div><\/div>","protected":false},"excerpt":{"rendered":"","protected":false},"author":1,"featured_media":0,"parent":0,"menu_order":0,"comment_status":"closed","ping_status":"closed","template":"","meta":{"tpgb_global_settings":"","powered_cache_disable_cache":false,"powered_cache_disable_lazyload":false,"powered_cache_disable_css_optimization":false,"powered_cache_disable_js_optimization":false,"powered_cache_disable_js_defer":false,"powered_cache_disable_js_delay":false,"footnotes":""},"class_list":["post-271","page","type-page","status-publish","hentry"],"tpgb_featured_images":null,"tpgb_post_meta_info":{"get_date":"\u015eubat 7, 2026","get_modified_date":"Mart 13, 2026","author_name":"byelken","author_url":"https:\/\/regattas.bodrumsporyelken.org\/tr\/author\/byelken\/","author_email":"info@bw.agency","author_website":"https:\/\/regattas.bodrumsporyelken.org","author_description":"","author_facebook":"","author_twitter":"","author_instagram":"","author_role":["administrator"],"author_firstname":"","author_lastname":"","user_login":"byelken","author_avatar":"<img alt='' src='https:\/\/secure.gravatar.com\/avatar\/0b62641e64017fcfad17262c1f2f6d64eb89bc075ba90169eb0a865c8d52d7c2?s=200&#038;d=mm&#038;r=g' srcset='https:\/\/secure.gravatar.com\/avatar\/0b62641e64017fcfad17262c1f2f6d64eb89bc075ba90169eb0a865c8d52d7c2?s=400&#038;d=mm&#038;r=g 2x' class='avatar avatar-200 photo' height='200' width='200' decoding='async'\/>","author_avatar_url":"https:\/\/secure.gravatar.com\/avatar\/0b62641e64017fcfad17262c1f2f6d64eb89bc075ba90169eb0a865c8d52d7c2?s=96&d=mm&r=g","comment_count":0,"post_likes":0,"post_views":0},"tpgb_post_category":[],"_links":{"self":[{"href":"https:\/\/regattas.bodrumsporyelken.org\/tr\/wp-json\/wp\/v2\/pages\/271","targetHints":{"allow":["GET"]}}],"collection":[{"href":"https:\/\/regattas.bodrumsporyelken.org\/tr\/wp-json\/wp\/v2\/pages"}],"about":[{"href":"https:\/\/regattas.bodrumsporyelken.org\/tr\/wp-json\/wp\/v2\/types\/page"}],"author":[{"embeddable":true,"href":"https:\/\/regattas.bodrumsporyelken.org\/tr\/wp-json\/wp\/v2\/users\/1"}],"replies":[{"embeddable":true,"href":"https:\/\/regattas.bodrumsporyelken.org\/tr\/wp-json\/wp\/v2\/comments?post=271"}],"version-history":[{"count":0,"href":"https:\/\/regattas.bodrumsporyelken.org\/tr\/wp-json\/wp\/v2\/pages\/271\/revisions"}],"wp:attachment":[{"href":"https:\/\/regattas.bodrumsporyelken.org\/tr\/wp-json\/wp\/v2\/media?parent=271"}],"curies":[{"name":"wp","href":"https:\/\/api.w.org\/{rel}","templated":true}]}}