{"id":267,"date":"2026-02-07T01:05:40","date_gmt":"2026-02-07T01:05:40","guid":{"rendered":"https:\/\/regattas.bodrumsporyelken.org\/sailors\/"},"modified":"2026-05-13T10:01:15","modified_gmt":"2026-05-13T10:01:15","slug":"sporcular","status":"publish","type":"page","link":"https:\/\/regattas.bodrumsporyelken.org\/tr\/bior\/sporcular\/","title":{"rendered":"Bior Sporcular"},"content":{"rendered":"\n\n<div  class=\"tpgb-container-row tpgb-block-9ac5_267  tpgb-nxtcont-type    alignwide   tpgb-container-wide  \" data-id=\"9ac5_267\"  ><div class=\"tpgb-cont-in\">\n<div class=\"tpgb-container-col tpgb-block-7b93_267 \" data-id=\"7b93_267\"  >\n<div  class=\"tpgb-heading-title tpgb-relative-block heading_style tpgb-block-4759_267  heading-style-1\"><div class=\"sub-style\"><div class=\"sub-heading \"><div class=\"heading-sub-title\">Etkinlik<\/div><\/div><div class=\"head-title \"><h1 class=\"heading-title\">Bodrum Bior 2026 Kat\u0131l\u0131mc\u0131 Listesi<\/h1><\/div><\/div><\/div>\n\n<div class=\"tpgb-block-4489_267 tpgb-lottiefiles \"><div class=\"tpgb-lottiefile-hd\"><div id=\"title6a081695beb82\" class=\"tpgb-bodymovin  renderer-svg \"  data-settings=\"{&quot;id&quot;:&quot;6a081695beb84&quot;,&quot;container_id&quot;:&quot;title6a081695beb82&quot;,&quot;autoplay_viewport&quot;:false,&quot;autostop_viewport&quot;:false,&quot;loop&quot;:&quot;&quot;,&quot;width&quot;:&quot;435&quot;,&quot;height&quot;:&quot;&quot;,&quot;lazyload&quot;:false,&quot;playSpeed&quot;:0.5,&quot;play_action&quot;:&quot;autoplay&quot;,&quot;bm_scrollbased&quot;:&quot;bm_custom&quot;,&quot;bm_section_duration&quot;:500,&quot;bm_section_offset&quot;:0,&quot;bm_start_time&quot;:&quot;&quot;,&quot;bm_end_time&quot;:&quot;&quot;,&quot;autoplay_onload&quot;:true,&quot;renderer&quot;:&quot;svg&quot;,&quot;json_url&quot;:&quot;https:\\\/\\\/assets7.lottiefiles.com\\\/packages\\\/lf20_UlPcA57JIG.json&quot;}\" data-editor-load=\"yes\" data-popup-load=\"yes\"><\/div><\/div><style>@media (min-width: 1024px) { .tpgb-block-4489_267.tpgb-lottiefiles .tpgb-bodymovin{margin-left: auto; margin-right: auto;} }<\/style><\/div>\n\n\n<div class=\"tpgb-pro-paragraph tpgb-block-96fe_267\"><h3 class=\"pro-heading-inner\">\u0130lginize te\u015fekk\u00fcrler!<\/h3><div class=\"pro-paragraph-inner\"><p>Sonraki y\u0131l g\u00f6r\u00fc\u015fmek \u00fczere!<\/p><\/div><\/div>\n\n<\/div>\n\n<div class=\"tpgb-container-col tpgb-block-43ec_267 \" data-id=\"43ec_267\"  >\n<div  class=\"tpgb-container-row tpgb-block-d0bc_267  tpgb-nxtcont-type tpgb-container-267    alignwide   tpgb-container-inline tpgb-container-wide  \" data-id=\"d0bc_267\"  ><div class=\"tpgb-cont-in\">\n\n<h4 class=\"wp-block-tpgb-tp-heading tp-core-heading tpgb-block-480b_267\">Sponsorlar<\/h4>\n\n\n<div  class=\"tpgb-wrap-5332_267  tpgb-wrap-fw \"  ><div id=\"5332_267\" class=\"tpgb-block-5332_267 tpgb-relative-block tpgb-gallery-list tpgb-carousel splide gallery-style-4 hover-image-style-1  hover-slider-arrow  \" data-style=\"style-4\" data-id=\"5332_267\" data-layout=\"carousel\" data-fancy-option='{\"loop\":true,\"thumb\":\"no\",\"infobar\":true,\"arrows\":true,\"transitionEffect\":\"slide\",\"button\":[]}' data-splide='{\"updateOnMove\":true,\"direction\":\"ltr\",\"start\":0,\"autoplay\":true,\"speed\":1500,\"interval\":1500,\"drag\":true,\"type\":\"loop\",\"pauseOnHover\":true,\"pagination\":false,\"arrows\":true,\"padding\":0,\"perMove\":1,\"perPage\":3,\"wheel\":false,\"releaseWheel\":false,\"waitForTransition\":false,\"keyboard\":false,\"breakpoints\":{\"1024\":{\"pagination\":false,\"drag\":true,\"padding\":0,\"perMove\":1,\"perPage\":3,\"focus\":0},\"767\":{\"pagination\":false,\"drag\":true,\"padding\":0,\"perMove\":1,\"perPage\":2,\"focus\":0}},\"focus\":0}' ><div class=\"splide__arrows style-5\"><button class=\"splide__arrow splide__arrow--prev style-5  \"><span class=\"icon-wrap\"><\/span><\/button><button class=\"splide__arrow splide__arrow--next style-5 \"><span class=\"icon-wrap\"><\/span><\/button><\/div><div class=\" post-loop-inner splide__track\"><div class=\"splide__list\"><div class=\"grid-item metro-item-0 splide__slide  \"><div class=\"tpgb-gallery-list-content tpgb-trans-easeinout\"><div class=\"post-content-image\"><div class=\"tpgb-gallery-image tpgb-trans-easeinout-before\"><span class=\"thumb-wrap\"><img decoding=\"async\" width=\"162\" height=\"120\" src=\"https:\/\/img.poweredcache.net\/regattas.bodrumsporyelken.org\/wp-content\/nexter-optimizer\/uploads\/2026\/05\/tyf.avif.webp?rs=fill&#038;w=162&#038;h=120&#038;ssl=1\" class=\"attachment-full size-full\" alt=\"Media Image1\" loading=\"lazy\" data-recalc-dims=\"1\" \/><\/span><\/div><\/div><div class=\"post-content-center\"><div class=\"post-hover-content\"><\/div><\/div><\/div><\/div><div class=\"grid-item metro-item-1 splide__slide  \"><div class=\"tpgb-gallery-list-content tpgb-trans-easeinout\"><div class=\"post-content-image\"><div class=\"tpgb-gallery-image tpgb-trans-easeinout-before\"><span class=\"thumb-wrap\"><img decoding=\"async\" width=\"162\" height=\"120\" src=\"https:\/\/img.poweredcache.net\/regattas.bodrumsporyelken.org\/wp-content\/nexter-optimizer\/uploads\/2026\/05\/superpar.avif.webp?rs=fill&#038;w=162&#038;h=120&#038;ssl=1\" class=\"attachment-full size-full\" alt=\"Media Image2\" loading=\"lazy\" data-recalc-dims=\"1\" \/><\/span><\/div><\/div><div class=\"post-content-center\"><div class=\"post-hover-content\"><\/div><\/div><\/div><\/div><div class=\"grid-item metro-item-2 splide__slide  \"><div class=\"tpgb-gallery-list-content tpgb-trans-easeinout\"><div class=\"post-content-image\"><div class=\"tpgb-gallery-image tpgb-trans-easeinout-before\"><span class=\"thumb-wrap\"><img decoding=\"async\" width=\"162\" height=\"120\" src=\"https:\/\/img.poweredcache.net\/regattas.bodrumsporyelken.org\/wp-content\/nexter-optimizer\/uploads\/2026\/05\/parkim-ayaz.avif.avif?rs=fill&#038;w=162&#038;h=120&#038;ssl=1\" class=\"attachment-full size-full\" alt=\"Media Image3\" loading=\"lazy\" data-recalc-dims=\"1\" \/><\/span><\/div><\/div><div class=\"post-content-center\"><div class=\"post-hover-content\"><\/div><\/div><\/div><\/div><div class=\"grid-item metro-item-3 splide__slide  \"><div class=\"tpgb-gallery-list-content tpgb-trans-easeinout\"><div class=\"post-content-image\"><div class=\"tpgb-gallery-image tpgb-trans-easeinout-before\"><span class=\"thumb-wrap\"><img decoding=\"async\" width=\"162\" height=\"120\" src=\"https:\/\/img.poweredcache.net\/regattas.bodrumsporyelken.org\/wp-content\/nexter-optimizer\/uploads\/2026\/05\/bodrum-belediyesi.avif.webp?rs=fill&#038;w=162&#038;h=120&#038;ssl=1\" class=\"attachment-full size-full\" alt=\"Media Image4\" loading=\"lazy\" data-recalc-dims=\"1\" \/><\/span><\/div><\/div><div class=\"post-content-center\"><div class=\"post-hover-content\"><\/div><\/div><\/div><\/div><div class=\"grid-item metro-item-4 splide__slide  \"><div class=\"tpgb-gallery-list-content tpgb-trans-easeinout\"><div class=\"post-content-image\"><div class=\"tpgb-gallery-image tpgb-trans-easeinout-before\"><span class=\"thumb-wrap\"><img decoding=\"async\" width=\"162\" height=\"120\" src=\"https:\/\/img.poweredcache.net\/regattas.bodrumsporyelken.org\/wp-content\/nexter-optimizer\/uploads\/2026\/05\/ada-yatching.avif.webp?rs=fill&#038;w=162&#038;h=120&#038;ssl=1\" class=\"attachment-full size-full\" alt=\"Media Image5\" loading=\"lazy\" data-recalc-dims=\"1\" \/><\/span><\/div><\/div><div class=\"post-content-center\"><div class=\"post-hover-content\"><\/div><\/div><\/div><\/div><div class=\"grid-item metro-item-5 splide__slide  \"><div class=\"tpgb-gallery-list-content tpgb-trans-easeinout\"><div class=\"post-content-image\"><div class=\"tpgb-gallery-image tpgb-trans-easeinout-before\"><span class=\"thumb-wrap\"><img decoding=\"async\" width=\"162\" height=\"120\" src=\"https:\/\/img.poweredcache.net\/regattas.bodrumsporyelken.org\/wp-content\/nexter-optimizer\/uploads\/2026\/05\/bodto.avif.webp?rs=fill&#038;w=162&#038;h=120&#038;ssl=1\" class=\"attachment-full size-full\" alt=\"Media Image6\" loading=\"lazy\" data-recalc-dims=\"1\" \/><\/span><\/div><\/div><div class=\"post-content-center\"><div class=\"post-hover-content\"><\/div><\/div><\/div><\/div><div class=\"grid-item metro-item-6 splide__slide  \"><div class=\"tpgb-gallery-list-content tpgb-trans-easeinout\"><div class=\"post-content-image\"><div class=\"tpgb-gallery-image tpgb-trans-easeinout-before\"><span class=\"thumb-wrap\"><img decoding=\"async\" width=\"162\" height=\"120\" src=\"https:\/\/img.poweredcache.net\/regattas.bodrumsporyelken.org\/wp-content\/nexter-optimizer\/uploads\/2026\/05\/hotel-bagevleri.avif.webp?rs=fill&#038;w=162&#038;h=120&#038;ssl=1\" class=\"attachment-full size-full\" alt=\"Media Image7\" loading=\"lazy\" data-recalc-dims=\"1\" \/><\/span><\/div><\/div><div class=\"post-content-center\"><div class=\"post-hover-content\"><\/div><\/div><\/div><\/div><div class=\"grid-item metro-item-7 splide__slide  \"><div class=\"tpgb-gallery-list-content tpgb-trans-easeinout\"><div class=\"post-content-image\"><div class=\"tpgb-gallery-image tpgb-trans-easeinout-before\"><span class=\"thumb-wrap\"><img decoding=\"async\" width=\"162\" height=\"120\" src=\"https:\/\/img.poweredcache.net\/regattas.bodrumsporyelken.org\/wp-content\/nexter-optimizer\/uploads\/2026\/05\/sport-works.avif.webp?rs=fill&#038;w=162&#038;h=120&#038;ssl=1\" class=\"attachment-full size-full\" alt=\"Media Image8\" loading=\"lazy\" data-recalc-dims=\"1\" \/><\/span><\/div><\/div><div class=\"post-content-center\"><div class=\"post-hover-content\"><\/div><\/div><\/div><\/div><\/div><\/div><\/div><\/div><style>.tpgb-block-5332_267.splide .splide__arrows{display: block }@media (max-width: 1024px){.text-center{text-align: center;}}@media (max-width:767px){.tpgb-block-5332_267.splide .splide__arrows{display: block } }<\/style>\n<\/div><\/div>\n\n<div  class=\"tpgb-container-row tpgb-block-395d_267  tpgb-nxtcont-type tpgb-container-267    alignwide   tpgb-container-inline tpgb-container-wide  \" data-id=\"395d_267\"  ><div class=\"tpgb-cont-in\">\n<div class=\"tpgb-plus-button tpgb-relative-block tpgb-block-4f88_267 button-style-1   \"><div class=\"animted-content-inner\"><a href=\"\/tr\/bior\/\"   class=\"button-link-wrap tpgb-trans-linear    \" role=\"button\" aria-label=\"Etkinli\u011fe D\u00f6n\" data-hover=\"Click Here\" ><span><span class=\"btn-icon tpgb-trans-linear  button-before\"><i class=\"fas fa-chevron-left\"><\/i><\/span>Etkinli\u011fe D\u00f6n<\/span><\/a><\/div><\/div>\n<\/div><\/div>\n<\/div>\n<\/div><\/div>","protected":false},"excerpt":{"rendered":"","protected":false},"author":1,"featured_media":0,"parent":269,"menu_order":0,"comment_status":"closed","ping_status":"closed","template":"","meta":{"tpgb_global_settings":"","powered_cache_disable_cache":true,"powered_cache_disable_lazyload":false,"powered_cache_disable_css_optimization":false,"powered_cache_disable_js_optimization":false,"powered_cache_disable_js_defer":false,"powered_cache_disable_js_delay":false,"footnotes":""},"class_list":["post-267","page","type-page","status-publish","hentry"],"tpgb_featured_images":null,"tpgb_post_meta_info":{"get_date":"\u015eubat 7, 2026","get_modified_date":"May\u0131s 13, 2026","author_name":"byelken","author_url":"https:\/\/regattas.bodrumsporyelken.org\/tr\/author\/byelken\/","author_email":"info@bw.agency","author_website":"https:\/\/regattas.bodrumsporyelken.org","author_description":"","author_facebook":"","author_twitter":"","author_instagram":"","author_role":["administrator"],"author_firstname":"","author_lastname":"","user_login":"byelken","author_avatar":"<img alt='' src='https:\/\/secure.gravatar.com\/avatar\/0b62641e64017fcfad17262c1f2f6d64eb89bc075ba90169eb0a865c8d52d7c2?s=200&#038;d=mm&#038;r=g' srcset='https:\/\/secure.gravatar.com\/avatar\/0b62641e64017fcfad17262c1f2f6d64eb89bc075ba90169eb0a865c8d52d7c2?s=400&#038;d=mm&#038;r=g 2x' class='avatar avatar-200 photo' height='200' width='200' decoding='async'\/>","author_avatar_url":"https:\/\/secure.gravatar.com\/avatar\/0b62641e64017fcfad17262c1f2f6d64eb89bc075ba90169eb0a865c8d52d7c2?s=96&d=mm&r=g","comment_count":0,"post_likes":0,"post_views":0},"tpgb_post_category":[],"_links":{"self":[{"href":"https:\/\/regattas.bodrumsporyelken.org\/tr\/wp-json\/wp\/v2\/pages\/267","targetHints":{"allow":["GET"]}}],"collection":[{"href":"https:\/\/regattas.bodrumsporyelken.org\/tr\/wp-json\/wp\/v2\/pages"}],"about":[{"href":"https:\/\/regattas.bodrumsporyelken.org\/tr\/wp-json\/wp\/v2\/types\/page"}],"author":[{"embeddable":true,"href":"https:\/\/regattas.bodrumsporyelken.org\/tr\/wp-json\/wp\/v2\/users\/1"}],"replies":[{"embeddable":true,"href":"https:\/\/regattas.bodrumsporyelken.org\/tr\/wp-json\/wp\/v2\/comments?post=267"}],"version-history":[{"count":1,"href":"https:\/\/regattas.bodrumsporyelken.org\/tr\/wp-json\/wp\/v2\/pages\/267\/revisions"}],"predecessor-version":[{"id":497,"href":"https:\/\/regattas.bodrumsporyelken.org\/tr\/wp-json\/wp\/v2\/pages\/267\/revisions\/497"}],"up":[{"embeddable":true,"href":"https:\/\/regattas.bodrumsporyelken.org\/tr\/wp-json\/wp\/v2\/pages\/269"}],"wp:attachment":[{"href":"https:\/\/regattas.bodrumsporyelken.org\/tr\/wp-json\/wp\/v2\/media?parent=267"}],"curies":[{"name":"wp","href":"https:\/\/api.w.org\/{rel}","templated":true}]}}