{"id":265,"date":"2026-02-07T08:38:18","date_gmt":"2026-02-07T08:38:18","guid":{"rendered":"https:\/\/regattas.bodrumsporyelken.org\/mandarin\/"},"modified":"2026-04-09T08:17:12","modified_gmt":"2026-04-09T08:17:12","slug":"mandarin","status":"publish","type":"page","link":"https:\/\/regattas.bodrumsporyelken.org\/tr\/mandarin\/","title":{"rendered":"Mandalin"},"content":{"rendered":"<div  class=\"tpgb-container-row tpgb-block-a0a8_265  tpgb-nxtcont-type    alignwide   tpgb-container-wide  \" data-id=\"a0a8_265\"  ><div class=\"tpgb-cont-in\">\n<div class=\"tpgb-container-col tpgb-block-504c_265 \" data-id=\"504c_265\"  >\n<div  class=\"tpgb-heading-title tpgb-relative-block heading_style tpgb-block-477a_265  heading-style-1\"><div class=\"sub-style\"><div class=\"sub-heading \"><div class=\"heading-sub-title\">Etkinlik<\/div><\/div><div class=\"head-title \"><h1 class=\"heading-title\">Bodrum Mandalin Kupas\u0131<\/h1><\/div><\/div><\/div>\n\n\n<div class=\"tpgb-pro-paragraph tpgb-block-59d5_265\"><div class=\"pro-paragraph-inner\"><p>2020 y\u0131l\u0131ndan itibaren B.B.Bodrumspor Kul\u00fcb\u00fc Yelken \u015eubesi taraf\u0131ndan d\u00fczenlenen yelken yar\u0131\u015f\u0131d\u0131r. Y\u0131llar itibariyle \u00e7e\u015fitli s\u0131n\u0131flar\u0131n kat\u0131l\u0131m\u0131na a\u00e7\u0131k olarak yap\u0131lm\u0131\u015ft\u0131r. Y\u0131llar i\u00e7inde Optimist, ILCA, Techno 293, IQ Foil ve Rs Feva s\u0131n\u0131flar\u0131n\u0131n kat\u0131l\u0131m\u0131na a\u00e7\u0131k yap\u0131lm\u0131\u015ft\u0131r. Bodrum\u2019un e\u015f\u015fisz mandalini ile \u00f6zde\u015fle\u015fen yaru\u015f\u0131n ad\u0131 her y\u0131l mandalin mevsiminde Ocak ay\u0131n\u0131n \u00fc\u00e7\u00fcnc\u00fc haftas\u0131 yap\u0131lmaktad\u0131r. K\u0131\u015f aylar\u0131nda Bodrum\u2019un her mevsim yelken yap\u0131labilme avantaj\u0131n\u0131 yelkencilere sunan muhte\u015fem do\u011fas\u0131yla kat\u0131l\u0131mc\u0131lara unutulmaz bir yelken haftas\u0131 ya\u015fatmaktad\u0131r.<\/p><\/div><\/div>\n\n\n\n<div class=\"tpgb-pro-paragraph tpgb-block-176c_265\"><h2 class=\"pro-heading-inner\">Etkinlik Detaylar\u0131<\/h2><div class=\"pro-paragraph-inner\"><p>Yak\u0131nda a\u00e7\u0131klanacak<\/p><\/div><\/div>\n\n\n\n<iframe src=\"https:\/\/www.racingrulesofsailing.org\/documents\/12945\/event\" iccerceve\"=\"\" scrolling=\"NO\" frameborder=\"0\" width=\"100%\" height=\"2200\"><\/iframe>\n\n\n\n<div class=\"tpgb-pro-paragraph tpgb-block-34c1_265\"><h2 class=\"pro-heading-inner\">Say\u0131larla Mandalin Kupas\u0131<\/h2><\/div>\n\n\n\n<figure class=\"wp-block-table\"><table class=\"has-fixed-layout\"><thead><tr><th>Year<\/th><th>Country<\/th><th>Participants<\/th><th>Classes<\/th><\/tr><\/thead><tbody><tr><td>2026<\/td><td>4<\/td><td>221<\/td><td>OPTIMIST, ILCA AND RS FEVA<\/td><\/tr><tr><td>2025<\/td><td>7<\/td><td>356<\/td><td>OPTIMIST, TECHNO 293, IQ FOIL VE RS FEVA<\/td><\/tr><tr><td>2024<\/td><td>7<\/td><td>375<\/td><td>OPTIMIST AND ILCA<\/td><\/tr><tr><td>2023<\/td><td>6<\/td><td>165<\/td><td>OPTIMIST<\/td><\/tr><tr><td>2020<\/td><td>5<\/td><td>155<\/td><td>OPTIMIST AND ILCA<\/td><\/tr><\/tbody><\/table><\/figure>\n\n<\/div>\n\n<div class=\"tpgb-container-col tpgb-block-af1b_265 \" data-id=\"af1b_265\"  >\n<div  class=\"tpgb-container-row tpgb-block-34b2_265  tpgb-nxtcont-type tpgb-container-265    alignwide   tpgb-container-inline tpgb-container-wide  \" data-id=\"34b2_265\"  ><div class=\"tpgb-cont-in\">\n<div class=\"tpgb-stylist-list tpgb-relative-block tpgb-block-c181_265  align-left  \" ><div class=\"tpgb-icon-list-items d-flex-center\"><div id=\"tooltip6a083a802013e\" class=\"tpgb-icon-list-item tp-repeater-item-35ut active\"  ><div class=\"tpgb-icon-list-icon\"><i class=\"list-icon fas fa-calendar\" aria-hidden=\"true\"><\/i><\/div><div class=\"tpgb-icon-list-text\"><p><strong>Tarih:<\/strong> N\/A<\/p><\/div><\/div><div id=\"tooltip6a083a802015c\" class=\"tpgb-icon-list-item tp-repeater-item-pubc \"  ><div class=\"tpgb-icon-list-icon\"><i class=\"list-icon fas fa-calendar\" aria-hidden=\"true\"><\/i><\/div><div class=\"tpgb-icon-list-text\"><p><strong>S\u00fcre:<\/strong> N\/A<\/p><\/div><\/div><\/div><\/div>\n<\/div><\/div>\n\n<div  class=\"tpgb-container-row tpgb-block-cddc_265  tpgb-nxtcont-type tpgb-container-265    alignwide   tpgb-container-inline tpgb-container-wide  \" data-id=\"cddc_265\"  ><div class=\"tpgb-cont-in\">\n\n<h4 class=\"wp-block-tpgb-tp-heading tp-core-heading tpgb-block-85c4_265\">Program<\/h4>\n\n\n<div class=\"tpgb-stylist-list tpgb-relative-block tpgb-block-a6c9_265  align-left  \" ><div class=\"tpgb-icon-list-items d-flex-center\"><div id=\"tooltip6a083a80208cf\" class=\"tpgb-icon-list-item tp-repeater-item-whu0 active\"  ><div class=\"tpgb-icon-list-icon\"><i class=\"list-icon fas fa-circle\" aria-hidden=\"true\"><\/i><\/div><div class=\"tpgb-icon-list-text\"><p>N\/A<\/p><\/div><\/div><\/div><\/div>\n\n<div class=\"tpgb-plus-button tpgb-relative-block tpgb-block-5a5b_265 button-style-1   \"><div class=\"animted-content-inner\"><a href=\"\/tr\/mandarin\/kayit\/\"   class=\"button-link-wrap tpgb-trans-linear    \" role=\"button\" aria-label=\"Regetta&#039;ya Kay\u0131t Ol\" data-hover=\"Click Here\" ><span>Regetta&#8217;ya Kay\u0131t Ol<span class=\"btn-icon tpgb-trans-linear  button-after\"><i class=\"fa fa-chevron-right\"><\/i><\/span><\/span><\/a><\/div><\/div>\n\n<div class=\"tpgb-plus-button tpgb-relative-block tpgb-block-392c_265 button-style-1   \"><div class=\"animted-content-inner\"><a href=\"\/tr\/mandarin\/spocular\/\"   class=\"button-link-wrap tpgb-trans-linear    \" role=\"button\" aria-label=\"Sporcular ve Kat\u0131l\u0131mc\u0131lar\u0131 G\u00f6r\" data-hover=\"Click Here\" ><span>Sporcular ve Kat\u0131l\u0131mc\u0131lar\u0131 G\u00f6r<span class=\"btn-icon tpgb-trans-linear  button-after\"><i class=\"fa fa-chevron-right\"><\/i><\/span><\/span><\/a><\/div><\/div>\n<\/div><\/div>\n<\/div>\n<\/div><\/div>","protected":false},"excerpt":{"rendered":"","protected":false},"author":1,"featured_media":0,"parent":0,"menu_order":0,"comment_status":"closed","ping_status":"closed","template":"","meta":{"tpgb_global_settings":"","powered_cache_disable_cache":false,"powered_cache_disable_lazyload":false,"powered_cache_disable_css_optimization":false,"powered_cache_disable_js_optimization":false,"powered_cache_disable_js_defer":false,"powered_cache_disable_js_delay":false,"footnotes":""},"class_list":["post-265","page","type-page","status-publish","hentry"],"tpgb_featured_images":null,"tpgb_post_meta_info":{"get_date":"\u015eubat 7, 2026","get_modified_date":"Nisan 9, 2026","author_name":"byelken","author_url":"https:\/\/regattas.bodrumsporyelken.org\/tr\/author\/byelken\/","author_email":"info@bw.agency","author_website":"https:\/\/regattas.bodrumsporyelken.org","author_description":"","author_facebook":"","author_twitter":"","author_instagram":"","author_role":["administrator"],"author_firstname":"","author_lastname":"","user_login":"byelken","author_avatar":"<img alt='' src='https:\/\/secure.gravatar.com\/avatar\/0b62641e64017fcfad17262c1f2f6d64eb89bc075ba90169eb0a865c8d52d7c2?s=200&#038;d=mm&#038;r=g' srcset='https:\/\/secure.gravatar.com\/avatar\/0b62641e64017fcfad17262c1f2f6d64eb89bc075ba90169eb0a865c8d52d7c2?s=400&#038;d=mm&#038;r=g 2x' class='avatar avatar-200 photo' height='200' width='200' decoding='async'\/>","author_avatar_url":"https:\/\/secure.gravatar.com\/avatar\/0b62641e64017fcfad17262c1f2f6d64eb89bc075ba90169eb0a865c8d52d7c2?s=96&d=mm&r=g","comment_count":0,"post_likes":0,"post_views":0},"tpgb_post_category":[],"_links":{"self":[{"href":"https:\/\/regattas.bodrumsporyelken.org\/tr\/wp-json\/wp\/v2\/pages\/265","targetHints":{"allow":["GET"]}}],"collection":[{"href":"https:\/\/regattas.bodrumsporyelken.org\/tr\/wp-json\/wp\/v2\/pages"}],"about":[{"href":"https:\/\/regattas.bodrumsporyelken.org\/tr\/wp-json\/wp\/v2\/types\/page"}],"author":[{"embeddable":true,"href":"https:\/\/regattas.bodrumsporyelken.org\/tr\/wp-json\/wp\/v2\/users\/1"}],"replies":[{"embeddable":true,"href":"https:\/\/regattas.bodrumsporyelken.org\/tr\/wp-json\/wp\/v2\/comments?post=265"}],"version-history":[{"count":0,"href":"https:\/\/regattas.bodrumsporyelken.org\/tr\/wp-json\/wp\/v2\/pages\/265\/revisions"}],"wp:attachment":[{"href":"https:\/\/regattas.bodrumsporyelken.org\/tr\/wp-json\/wp\/v2\/media?parent=265"}],"curies":[{"name":"wp","href":"https:\/\/api.w.org\/{rel}","templated":true}]}}