{"id":264,"date":"2026-02-07T08:39:10","date_gmt":"2026-02-07T08:39:10","guid":{"rendered":"https:\/\/regattas.bodrumsporyelken.org\/registration\/"},"modified":"2026-02-07T08:39:10","modified_gmt":"2026-02-07T08:39:10","slug":"registration","status":"publish","type":"page","link":"https:\/\/regattas.bodrumsporyelken.org\/tr\/mandarin\/registration\/","title":{"rendered":"Mandarin Registration"},"content":{"rendered":"<div  class=\"tpgb-container-row tpgb-block-a0a8_90  tpgb-nxtcont-type    alignwide   tpgb-container-wide  \" data-id=\"a0a8_90\"  ><div class=\"tpgb-cont-in\">\n<div class=\"tpgb-container-col tpgb-block-504c_90 \" data-id=\"504c_90\"  >\n<div  class=\"tpgb-heading-title tpgb-relative-block heading_style tpgb-block-477a_90  heading-style-1\"><div class=\"sub-style\"><div class=\"sub-heading \"><div class=\"heading-sub-title\">Event<\/div><\/div><div class=\"head-title \"><h1 class=\"heading-title\">Bodrum Mandarin Cup Registration<\/h1><\/div><\/div><\/div>\n\n\n<div class=\"tpgb-pro-paragraph tpgb-block-59d5_90\"><div class=\"pro-paragraph-inner\"><p>Register now for the Bodrum Mandarin Cup and secure your place on the starting line. Using the form below, coaches and team leaders can submit their country, club, contact details and all required information for their sailors in just a few steps. Online registration helps us prepare the race office, berthing and race documents in advance, ensuring a smooth check\u2011in on site. Complete your Bodrum Mandarin Cup registration to receive official updates, race instructions and important notices about the regatta programme.<\/p><\/div><\/div>\n\n\n<div class='fluentform ff-default fluentform_wrapper_5  ff_guten_block ff_guten_block-5 ffs_default_wrap'><form data-form_id=\"5\" id=\"fluentform_5\" class=\"frm-fluent-form fluent_form_5 ff-el-form-top ff_form_instance_5_1 ff-form-loading ffs_default\" data-form_instance=\"ff_form_instance_5_1\" method=\"POST\" ><fieldset  style=\"border: none!important;margin: 0!important;padding: 0!important;background-color: transparent!important;box-shadow: none!important;outline: none!important; min-inline-size: 100%;\">\n                    <legend class=\"ff_screen_reader_title\" style=\"display: block; margin: 0!important;padding: 0!important;height: 0!important;text-indent: -999999px;width: 0!important;overflow:hidden;\">Mandarin Antren\u00f6r<\/legend><input type='hidden' name='__fluent_form_embded_post_id' value='264' \/><input type=\"hidden\" id=\"_fluentform_5_fluentformnonce\" name=\"_fluentform_5_fluentformnonce\" value=\"cc7f8510d7\" \/><input type=\"hidden\" name=\"_wp_http_referer\" value=\"\/tr\/wp-json\/wp\/v2\/pages\/264\" \/><div data-name=\"ff_cn_id_1\"  class='ff-t-container ff-column-container ff_columns_total_2 '><div class='ff-t-cell ff-t-column-1' style='flex-basis: 50%;'><div class='ff-el-group'><div class=\"ff-el-input--label ff-el-is-required asterisk-right\"><label for='ff_5_ulke' id='label_ff_5_ulke' aria-label=\"\u00dclke \/ Country\">\u00dclke \/ Country<\/label><\/div><div class='ff-el-input--content'><select name=\"ulke\" id=\"ff_5_ulke\" class=\"ff-el-form-control\" data-name=\"ulke\" data-calc_value=\"0\"  aria-invalid=\"false\" aria-required=\"true\" aria-labelledby=\"label_ff_5_ulke\"><option value=\"\">&#8211; Se\u00e7in \/ Select &#8211;<\/option><option value=\"Afghanistan\"  >Afghanistan<\/option><option value=\"Albania\"  >Albania<\/option><option value=\"Algeria\"  >Algeria<\/option><option value=\"American Samoa\"  >American Samoa<\/option><option value=\"Andorra\"  >Andorra<\/option><option value=\"Angola\"  >Angola<\/option><option value=\"Anguilla\"  >Anguilla<\/option><option value=\"Antarctica\"  >Antarctica<\/option><option value=\"Antigua and Barbuda\"  >Antigua and Barbuda<\/option><option value=\"Argentina\"  >Argentina<\/option><option value=\"Armenia\"  >Armenia<\/option><option value=\"Aruba\"  >Aruba<\/option><option value=\"Australia\"  >Australia<\/option><option value=\"Austria\"  >Austria<\/option><option value=\"Azerbaijan\"  >Azerbaijan<\/option><option value=\"Bahamas\"  >Bahamas<\/option><option value=\"Bahrain\"  >Bahrain<\/option><option value=\"Bangladesh\"  >Bangladesh<\/option><option value=\"Barbados\"  >Barbados<\/option><option value=\"Belarus\"  >Belarus<\/option><option value=\"Belgium\"  >Belgium<\/option><option value=\"Belize\"  >Belize<\/option><option value=\"Benin\"  >Benin<\/option><option value=\"Bermuda\"  >Bermuda<\/option><option value=\"Bhutan\"  >Bhutan<\/option><option value=\"Bolivia\"  >Bolivia<\/option><option value=\"Bonaire, Sint Eustatius and Saba\"  >Bonaire, Sint Eustatius and Saba<\/option><option value=\"Bosnia and Herzegovina\"  >Bosnia and Herzegovina<\/option><option value=\"Botswana\"  >Botswana<\/option><option value=\"Bouvet Island\"  >Bouvet Island<\/option><option value=\"Brazil\"  >Brazil<\/option><option value=\"British Indian Ocean Territory\"  >British Indian Ocean Territory<\/option><option value=\"Brunei Darussalam\"  >Brunei Darussalam<\/option><option value=\"Bulgaria\"  >Bulgaria<\/option><option value=\"Burkina Faso\"  >Burkina Faso<\/option><option value=\"Burundi\"  >Burundi<\/option><option value=\"Cambodia\"  >Cambodia<\/option><option value=\"Cameroon\"  >Cameroon<\/option><option value=\"Canada\"  >Canada<\/option><option value=\"Cape Verde\"  >Cape Verde<\/option><option value=\"Cayman Islands\"  >Cayman Islands<\/option><option value=\"Central African Republic\"  >Central African Republic<\/option><option value=\"Chad\"  >Chad<\/option><option value=\"Chile\"  >Chile<\/option><option value=\"China\"  >China<\/option><option value=\"Christmas Island\"  >Christmas Island<\/option><option value=\"Cocos Islands\"  >Cocos Islands<\/option><option value=\"Colombia\"  >Colombia<\/option><option value=\"Comoros\"  >Comoros<\/option><option value=\"Congo, Democratic Republic of the\"  >Congo, Democratic Republic of the<\/option><option value=\"Congo, Republic of the\"  >Congo, Republic of the<\/option><option value=\"Cook Islands\"  >Cook Islands<\/option><option value=\"Costa Rica\"  >Costa Rica<\/option><option value=\"Croatia\"  >Croatia<\/option><option value=\"Cuba\"  >Cuba<\/option><option value=\"Cura\u00e7ao\"  >Cura\u00e7ao<\/option><option value=\"Cyprus\"  >Cyprus<\/option><option value=\"Czech Republic\"  >Czech Republic<\/option><option value=\"C\u00f4te d&#039;Ivoire\"  >C\u00f4te d&#8217;Ivoire<\/option><option value=\"Denmark\"  >Denmark<\/option><option value=\"Djibouti\"  >Djibouti<\/option><option value=\"Dominica\"  >Dominica<\/option><option value=\"Dominican Republic\"  >Dominican Republic<\/option><option value=\"Ecuador\"  >Ecuador<\/option><option value=\"Egypt\"  >Egypt<\/option><option value=\"El Salvador\"  >El Salvador<\/option><option value=\"Equatorial Guinea\"  >Equatorial Guinea<\/option><option value=\"Eritrea\"  >Eritrea<\/option><option value=\"Estonia\"  >Estonia<\/option><option value=\"Eswatini (Swaziland)\"  >Eswatini (Swaziland)<\/option><option value=\"Ethiopia\"  >Ethiopia<\/option><option value=\"Falkland Islands\"  >Falkland Islands<\/option><option value=\"Faroe Islands\"  >Faroe Islands<\/option><option value=\"Fiji\"  >Fiji<\/option><option value=\"Finland\"  >Finland<\/option><option value=\"France\"  >France<\/option><option value=\"French Guiana\"  >French Guiana<\/option><option value=\"French Polynesia\"  >French Polynesia<\/option><option value=\"French Southern Territories\"  >French Southern Territories<\/option><option value=\"Gabon\"  >Gabon<\/option><option value=\"Gambia\"  >Gambia<\/option><option value=\"Georgia\"  >Georgia<\/option><option value=\"Germany\"  >Germany<\/option><option value=\"Ghana\"  >Ghana<\/option><option value=\"Gibraltar\"  >Gibraltar<\/option><option value=\"Greece\"  >Greece<\/option><option value=\"Greenland\"  >Greenland<\/option><option value=\"Grenada\"  >Grenada<\/option><option value=\"Guadeloupe\"  >Guadeloupe<\/option><option value=\"Guam\"  >Guam<\/option><option value=\"Guatemala\"  >Guatemala<\/option><option value=\"Guernsey\"  >Guernsey<\/option><option value=\"Guinea\"  >Guinea<\/option><option value=\"Guinea-Bissau\"  >Guinea-Bissau<\/option><option value=\"Guyana\"  >Guyana<\/option><option value=\"Haiti\"  >Haiti<\/option><option value=\"Heard and McDonald Islands\"  >Heard and McDonald Islands<\/option><option value=\"Holy See\"  >Holy See<\/option><option value=\"Honduras\"  >Honduras<\/option><option value=\"Hong Kong\"  >Hong Kong<\/option><option value=\"Hungary\"  >Hungary<\/option><option value=\"Iceland\"  >Iceland<\/option><option value=\"India\"  >India<\/option><option value=\"Indonesia\"  >Indonesia<\/option><option value=\"Iran\"  >Iran<\/option><option value=\"Iraq\"  >Iraq<\/option><option value=\"Ireland\"  >Ireland<\/option><option value=\"Isle of Man\"  >Isle of Man<\/option><option value=\"Israel\"  >Israel<\/option><option value=\"Italy\"  >Italy<\/option><option value=\"Jamaica\"  >Jamaica<\/option><option value=\"Japan\"  >Japan<\/option><option value=\"Jersey\"  >Jersey<\/option><option value=\"Jordan\"  >Jordan<\/option><option value=\"Kazakhstan\"  >Kazakhstan<\/option><option value=\"Kenya\"  >Kenya<\/option><option value=\"Kiribati\"  >Kiribati<\/option><option value=\"Kuwait\"  >Kuwait<\/option><option value=\"Kyrgyzstan\"  >Kyrgyzstan<\/option><option value=\"Lao People&#039;s Democratic Republic\"  >Lao People&#8217;s Democratic Republic<\/option><option value=\"Latvia\"  >Latvia<\/option><option value=\"Lebanon\"  >Lebanon<\/option><option value=\"Lesotho\"  >Lesotho<\/option><option value=\"Liberia\"  >Liberia<\/option><option value=\"Libya\"  >Libya<\/option><option value=\"Liechtenstein\"  >Liechtenstein<\/option><option value=\"Lithuania\"  >Lithuania<\/option><option value=\"Luxembourg\"  >Luxembourg<\/option><option value=\"Macau\"  >Macau<\/option><option value=\"Macedonia\"  >Macedonia<\/option><option value=\"Madagascar\"  >Madagascar<\/option><option value=\"Malawi\"  >Malawi<\/option><option value=\"Malaysia\"  >Malaysia<\/option><option value=\"Maldives\"  >Maldives<\/option><option value=\"Mali\"  >Mali<\/option><option value=\"Malta\"  >Malta<\/option><option value=\"Marshall Islands\"  >Marshall Islands<\/option><option value=\"Martinique\"  >Martinique<\/option><option value=\"Mauritania\"  >Mauritania<\/option><option value=\"Mauritius\"  >Mauritius<\/option><option value=\"Mayotte\"  >Mayotte<\/option><option value=\"Mexico\"  >Mexico<\/option><option value=\"Micronesia\"  >Micronesia<\/option><option value=\"Moldova\"  >Moldova<\/option><option value=\"Monaco\"  >Monaco<\/option><option value=\"Mongolia\"  >Mongolia<\/option><option value=\"Montenegro\"  >Montenegro<\/option><option value=\"Montserrat\"  >Montserrat<\/option><option value=\"Morocco\"  >Morocco<\/option><option value=\"Mozambique\"  >Mozambique<\/option><option value=\"Myanmar\"  >Myanmar<\/option><option value=\"Namibia\"  >Namibia<\/option><option value=\"Nauru\"  >Nauru<\/option><option value=\"Nepal\"  >Nepal<\/option><option value=\"Netherlands\"  >Netherlands<\/option><option value=\"New Caledonia\"  >New Caledonia<\/option><option value=\"New Zealand\"  >New Zealand<\/option><option value=\"Nicaragua\"  >Nicaragua<\/option><option value=\"Niger\"  >Niger<\/option><option value=\"Nigeria\"  >Nigeria<\/option><option value=\"Niue\"  >Niue<\/option><option value=\"Norfolk Island\"  >Norfolk Island<\/option><option value=\"North Korea\"  >North Korea<\/option><option value=\"Northern Mariana Islands\"  >Northern Mariana Islands<\/option><option value=\"Norway\"  >Norway<\/option><option value=\"Oman\"  >Oman<\/option><option value=\"Pakistan\"  >Pakistan<\/option><option value=\"Palau\"  >Palau<\/option><option value=\"Palestine, State of\"  >Palestine, State of<\/option><option value=\"Panama\"  >Panama<\/option><option value=\"Papua New Guinea\"  >Papua New Guinea<\/option><option value=\"Paraguay\"  >Paraguay<\/option><option value=\"Peru\"  >Peru<\/option><option value=\"Philippines\"  >Philippines<\/option><option value=\"Pitcairn\"  >Pitcairn<\/option><option value=\"Poland\"  >Poland<\/option><option value=\"Portugal\"  >Portugal<\/option><option value=\"Puerto Rico\"  >Puerto Rico<\/option><option value=\"Qatar\"  >Qatar<\/option><option value=\"Romania\"  >Romania<\/option><option value=\"Russia\"  >Russia<\/option><option value=\"Rwanda\"  >Rwanda<\/option><option value=\"R\u00e9union\"  >R\u00e9union<\/option><option value=\"Saint Barth\u00e9lemy\"  >Saint Barth\u00e9lemy<\/option><option value=\"Saint Helena\"  >Saint Helena<\/option><option value=\"Saint Kitts and Nevis\"  >Saint Kitts and Nevis<\/option><option value=\"Saint Lucia\"  >Saint Lucia<\/option><option value=\"Saint Martin\"  >Saint Martin<\/option><option value=\"Saint Pierre and Miquelon\"  >Saint Pierre and Miquelon<\/option><option value=\"Saint Vincent and the Grenadines\"  >Saint Vincent and the Grenadines<\/option><option value=\"Samoa\"  >Samoa<\/option><option value=\"San Marino\"  >San Marino<\/option><option value=\"Sao Tome and Principe\"  >Sao Tome and Principe<\/option><option value=\"Saudi Arabia\"  >Saudi Arabia<\/option><option value=\"Senegal\"  >Senegal<\/option><option value=\"Serbia\"  >Serbia<\/option><option value=\"Seychelles\"  >Seychelles<\/option><option value=\"Sierra Leone\"  >Sierra Leone<\/option><option value=\"Singapore\"  >Singapore<\/option><option value=\"Sint Maarten\"  >Sint Maarten<\/option><option value=\"Slovakia\"  >Slovakia<\/option><option value=\"Slovenia\"  >Slovenia<\/option><option value=\"Solomon Islands\"  >Solomon Islands<\/option><option value=\"Somalia\"  >Somalia<\/option><option value=\"South Africa\"  >South Africa<\/option><option value=\"South Georgia\"  >South Georgia<\/option><option value=\"South Korea\"  >South Korea<\/option><option value=\"South Sudan\"  >South Sudan<\/option><option value=\"Spain\"  >Spain<\/option><option value=\"Sri Lanka\"  >Sri Lanka<\/option><option value=\"Sudan\"  >Sudan<\/option><option value=\"Suriname\"  >Suriname<\/option><option value=\"Svalbard and Jan Mayen Islands\"  >Svalbard and Jan Mayen Islands<\/option><option value=\"Sweden\"  >Sweden<\/option><option value=\"Switzerland\"  >Switzerland<\/option><option value=\"Syria\"  >Syria<\/option><option value=\"Taiwan\"  >Taiwan<\/option><option value=\"Tajikistan\"  >Tajikistan<\/option><option value=\"Tanzania\"  >Tanzania<\/option><option value=\"Thailand\"  >Thailand<\/option><option value=\"Timor-Leste\"  >Timor-Leste<\/option><option value=\"Togo\"  >Togo<\/option><option value=\"Tokelau\"  >Tokelau<\/option><option value=\"Tonga\"  >Tonga<\/option><option value=\"Trinidad and Tobago\"  >Trinidad and Tobago<\/option><option value=\"Tunisia\"  >Tunisia<\/option><option value=\"T\u00fcrkiye\"  >T\u00fcrkiye<\/option><option value=\"Turkmenistan\"  >Turkmenistan<\/option><option value=\"Turks and Caicos Islands\"  >Turks and Caicos Islands<\/option><option value=\"Tuvalu\"  >Tuvalu<\/option><option value=\"US Minor Outlying Islands\"  >US Minor Outlying Islands<\/option><option value=\"Uganda\"  >Uganda<\/option><option value=\"Ukraine\"  >Ukraine<\/option><option value=\"United Arab Emirates\"  >United Arab Emirates<\/option><option value=\"United Kingdom\"  >United Kingdom<\/option><option value=\"United States\"  >United States<\/option><option value=\"Uruguay\"  >Uruguay<\/option><option value=\"Uzbekistan\"  >Uzbekistan<\/option><option value=\"Vanuatu\"  >Vanuatu<\/option><option value=\"Venezuela\"  >Venezuela<\/option><option value=\"Vietnam\"  >Vietnam<\/option><option value=\"Virgin Islands, British\"  >Virgin Islands, British<\/option><option value=\"Virgin Islands, U.S.\"  >Virgin Islands, U.S.<\/option><option value=\"Wallis and Futuna\"  >Wallis and Futuna<\/option><option value=\"Western Sahara\"  >Western Sahara<\/option><option value=\"Yemen\"  >Yemen<\/option><option value=\"Zambia\"  >Zambia<\/option><option value=\"Zimbabwe\"  >Zimbabwe<\/option><option value=\"\u00c5land Islands\"  >\u00c5land Islands<\/option><\/select><\/div><\/div><div data-type=\"name-element\" data-name=\"names\" class=\" ff-field_container ff-name-field-wrapper\" ><div class='ff-t-container'><div class='ff-t-cell '><div class='ff-el-group ff-el-form-top'><div class=\"ff-el-input--label ff-el-is-required asterisk-right\"><label for='ff_5_names_first_name_' id='label_ff_5_names_first_name_' >Ad\u0131 Soyad\u0131 \/ Name Surname<\/label><\/div><div class='ff-el-input--content'><input type=\"text\" name=\"names[first_name]\" id=\"ff_5_names_first_name_\" class=\"ff-el-form-control\" placeholder=\"Ad\u0131n\u0131z soyad\u0131n\u0131z \/ Your name surname\" aria-invalid=\"false\" aria-required=true><\/div><\/div><\/div><\/div><\/div><div class='ff-el-group'><div class=\"ff-el-input--label ff-el-is-required asterisk-right\"><label for='ff_5_email' id='label_ff_5_email' aria-label=\"E-Posta \/ Email\">E-Posta \/ Email<\/label><\/div><div class='ff-el-input--content'><input type=\"email\" name=\"email\" id=\"ff_5_email\" class=\"ff-el-form-control\" placeholder=\"E-postan\u0131z \/ Email Address\" data-name=\"email\"  aria-invalid=\"false\" aria-required=true><\/div><\/div><\/div><div class='ff-t-cell ff-t-column-2' style='flex-basis: 50%;'><div class='ff-el-group'><div class=\"ff-el-input--label ff-el-is-required asterisk-right\"><label for='ff_5_input_text' id='label_ff_5_input_text' aria-label=\"Kul\u00fcp \/ Club\">Kul\u00fcp \/ Club<\/label><\/div><div class='ff-el-input--content'><input type=\"text\" name=\"input_text\" class=\"ff-el-form-control\" data-name=\"input_text\" id=\"ff_5_input_text\"  aria-invalid=\"false\" aria-required=true><\/div><\/div><div class='ff-el-group'><div class=\"ff-el-input--label ff-el-is-required asterisk-right\"><label for='ff_5_phone' id='label_ff_5_phone' aria-label=\"Telefon\/Mobile\">Telefon\/Mobile<\/label><\/div><div class='ff-el-input--content'><input name=\"phone\" class=\"ff-el-form-control ff-el-phone\" type=\"tel\" placeholder=\"Telefonunuz \/ Mobile Number\" data-name=\"phone\" id=\"ff_5_phone\" inputmode=\"tel\"  aria-invalid='false' aria-required=true><\/div><\/div><div class='ff-el-group'><div class=\"ff-el-input--label ff-el-is-required asterisk-right\"><label for='ff_5_dropdown' id='label_ff_5_dropdown' aria-label=\"G\u00f6rev \/ Role\">G\u00f6rev \/ Role<\/label><\/div><div class='ff-el-input--content'><select name=\"dropdown\" id=\"ff_5_dropdown\" class=\"ff-el-form-control\" data-name=\"dropdown\" data-calc_value=\"0\"  aria-invalid=\"false\" aria-required=\"true\" aria-labelledby=\"label_ff_5_dropdown\"><option value=\"\">&#8211; Se\u00e7 \/ Select &#8211;<\/option><option value=\"Antren\u00f6r \/ Coach\"  >Antren\u00f6r \/ Coach<\/option><option value=\"Tak\u0131m Temsilcisi \/ Team Representative\"  >Tak\u0131m Temsilcisi \/ Team Representative<\/option><\/select><\/div><\/div><\/div><\/div><div class='ff-el-group ff-text-left ff_submit_btn_wrapper'><button type=\"submit\" class=\"ff-btn ff-btn-submit ff-btn-md ff_btn_style\"  aria-label=\"G\u00f6nder \/ Submit\">G\u00f6nder \/ Submit<\/button><\/div><\/fieldset><\/form><div id='fluentform_5_errors' class='ff-errors-in-stack ff_form_instance_5_1 ff-form-loading_errors ff_form_instance_5_1_errors'><\/div><\/div>            <script type=\"text\/javascript\">\n                window.fluent_form_ff_form_instance_5_1 = {\"id\":\"5\",\"ajaxUrl\":\"https:\\\/\\\/regattas.bodrumsporyelken.org\\\/wp-admin\\\/admin-ajax.php\",\"settings\":{\"layout\":{\"labelPlacement\":\"top\",\"asteriskPlacement\":\"asterisk-right\",\"helpMessagePlacement\":\"with_label\",\"errorMessagePlacement\":\"inline\",\"cssClassName\":\"\"},\"restrictions\":{\"denyEmptySubmission\":{\"enabled\":false}}},\"form_instance\":\"ff_form_instance_5_1\",\"form_id_selector\":\"fluentform_5\",\"rules\":{\"ulke\":{\"required\":{\"value\":true,\"message\":\"Bu alan zorunlu \\\/ This field is required\",\"global_message\":\"This field is required\",\"global\":false}},\"names[first_name]\":{\"required\":{\"value\":true,\"message\":\"This field is required\",\"global_message\":\"This field is required\",\"global\":true}},\"names[middle_name]\":{\"required\":{\"value\":false,\"message\":\"This field is required\",\"global_message\":\"This field is required\",\"global\":true}},\"names[last_name]\":{\"required\":{\"value\":false,\"message\":\"This field is required\",\"global_message\":\"This field is required\",\"global\":true}},\"email\":{\"required\":{\"value\":true,\"message\":\"This field is required\",\"global_message\":\"This field is required\",\"global\":true},\"email\":{\"value\":true,\"message\":\"This field must contain a valid email\",\"global_message\":\"This field must contain a valid email\",\"global\":true}},\"input_text\":{\"required\":{\"value\":true,\"message\":\"Bu alan zorunlu \\\/ This field is required\",\"global_message\":\"This field is required\",\"global\":false}},\"phone\":{\"required\":{\"value\":true,\"global\":false,\"message\":\"Bu alan zorunlu \\\/ This field is required\",\"global_message\":\"This field is required\"},\"valid_phone_number\":{\"value\":false,\"global\":true,\"message\":\"Phone number is not valid\",\"global_message\":\"Phone number is not valid\"}},\"dropdown\":{\"required\":{\"value\":true,\"message\":\"This field is required\",\"global_message\":\"This field is required\",\"global\":true}}},\"debounce_time\":300};\n                            <\/script>\n            \n<\/div>\n\n<div class=\"tpgb-container-col tpgb-block-af1b_90 \" data-id=\"af1b_90\"  >\n<div  class=\"tpgb-container-row tpgb-block-34b2_90  tpgb-nxtcont-type tpgb-container-264    alignwide   tpgb-container-inline tpgb-container-wide  \" data-id=\"34b2_90\"  ><div class=\"tpgb-cont-in\">\n<div class=\"tpgb-stylist-list tpgb-relative-block tpgb-block-c181_90  align-left  \" ><div class=\"tpgb-icon-list-items d-flex-center\"><div id=\"tooltip6a07ce755f32d\" class=\"tpgb-icon-list-item tp-repeater-item-35ut active\"  ><div class=\"tpgb-icon-list-icon\"><i class=\"list-icon fas fa-calendar\" aria-hidden=\"true\"><\/i><\/div><div class=\"tpgb-icon-list-text\"><p><strong>Date:<\/strong> N\/A<\/p><\/div><\/div><div id=\"tooltip6a07ce755f358\" class=\"tpgb-icon-list-item tp-repeater-item-pubc \"  ><div class=\"tpgb-icon-list-icon\"><i class=\"list-icon fas fa-calendar\" aria-hidden=\"true\"><\/i><\/div><div class=\"tpgb-icon-list-text\"><p><strong>Duration:<\/strong> N\/A<\/p><\/div><\/div><div id=\"tooltip6a07ce755f369\" class=\"tpgb-icon-list-item tp-repeater-item-0 \"  ><div class=\"tpgb-icon-list-icon\"><i class=\"list-icon fas fa-calendar\" aria-hidden=\"true\"><\/i><\/div><div class=\"tpgb-icon-list-text\"><p><strong>Price:<\/strong> Free<\/p><\/div><\/div><\/div><\/div>\n<\/div><\/div>\n\n<div  class=\"tpgb-container-row tpgb-block-cddc_90  tpgb-nxtcont-type tpgb-container-264    alignwide   tpgb-container-inline tpgb-container-wide  \" data-id=\"cddc_90\"  ><div class=\"tpgb-cont-in\">\n\n<h4 class=\"wp-block-tpgb-tp-heading tp-core-heading tpgb-block-85c4_90\">Schedule<\/h4>\n\n\n<div class=\"tpgb-stylist-list tpgb-relative-block tpgb-block-a6c9_90  align-left  \" ><div class=\"tpgb-icon-list-items d-flex-center\"><div id=\"tooltip6a07ce755fa52\" class=\"tpgb-icon-list-item tp-repeater-item-whu0 active\"  ><div class=\"tpgb-icon-list-icon\"><i class=\"list-icon fas fa-circle\" aria-hidden=\"true\"><\/i><\/div><div class=\"tpgb-icon-list-text\"><p>N\/A<\/p><\/div><\/div><\/div><\/div>\n\n<div class=\"tpgb-plus-button tpgb-relative-block tpgb-block-5a5b_90 button-style-1   \"><div class=\"animted-content-inner\"><a href=\"\/mandarin\/\"   class=\"button-link-wrap tpgb-trans-linear    \" role=\"button\" aria-label=\"Back to Event\" data-hover=\"Click Here\" ><span><span class=\"btn-icon tpgb-trans-linear  button-before\"><i class=\"fas fa-chevron-left\"><\/i><\/span>Back to Event<\/span><\/a><\/div><\/div>\n<\/div><\/div>\n<\/div>\n<\/div><\/div>","protected":false},"excerpt":{"rendered":"","protected":false},"author":1,"featured_media":0,"parent":265,"menu_order":0,"comment_status":"closed","ping_status":"closed","template":"","meta":{"tpgb_global_settings":"","powered_cache_disable_cache":false,"powered_cache_disable_lazyload":false,"powered_cache_disable_css_optimization":false,"powered_cache_disable_js_optimization":false,"powered_cache_disable_js_defer":false,"powered_cache_disable_js_delay":false,"footnotes":""},"class_list":["post-264","page","type-page","status-publish","hentry"],"tpgb_featured_images":null,"tpgb_post_meta_info":{"get_date":"\u015eubat 7, 2026","get_modified_date":"\u015eubat 7, 2026","author_name":"byelken","author_url":"https:\/\/regattas.bodrumsporyelken.org\/tr\/author\/byelken\/","author_email":"info@bw.agency","author_website":"https:\/\/regattas.bodrumsporyelken.org","author_description":"","author_facebook":"","author_twitter":"","author_instagram":"","author_role":["administrator"],"author_firstname":"","author_lastname":"","user_login":"byelken","author_avatar":"<img alt='' src='https:\/\/secure.gravatar.com\/avatar\/0b62641e64017fcfad17262c1f2f6d64eb89bc075ba90169eb0a865c8d52d7c2?s=200&#038;d=mm&#038;r=g' srcset='https:\/\/secure.gravatar.com\/avatar\/0b62641e64017fcfad17262c1f2f6d64eb89bc075ba90169eb0a865c8d52d7c2?s=400&#038;d=mm&#038;r=g 2x' class='avatar avatar-200 photo' height='200' width='200' decoding='async'\/>","author_avatar_url":"https:\/\/secure.gravatar.com\/avatar\/0b62641e64017fcfad17262c1f2f6d64eb89bc075ba90169eb0a865c8d52d7c2?s=96&d=mm&r=g","comment_count":0,"post_likes":0,"post_views":0},"tpgb_post_category":[],"_links":{"self":[{"href":"https:\/\/regattas.bodrumsporyelken.org\/tr\/wp-json\/wp\/v2\/pages\/264","targetHints":{"allow":["GET"]}}],"collection":[{"href":"https:\/\/regattas.bodrumsporyelken.org\/tr\/wp-json\/wp\/v2\/pages"}],"about":[{"href":"https:\/\/regattas.bodrumsporyelken.org\/tr\/wp-json\/wp\/v2\/types\/page"}],"author":[{"embeddable":true,"href":"https:\/\/regattas.bodrumsporyelken.org\/tr\/wp-json\/wp\/v2\/users\/1"}],"replies":[{"embeddable":true,"href":"https:\/\/regattas.bodrumsporyelken.org\/tr\/wp-json\/wp\/v2\/comments?post=264"}],"version-history":[{"count":0,"href":"https:\/\/regattas.bodrumsporyelken.org\/tr\/wp-json\/wp\/v2\/pages\/264\/revisions"}],"up":[{"embeddable":true,"href":"https:\/\/regattas.bodrumsporyelken.org\/tr\/wp-json\/wp\/v2\/pages\/265"}],"wp:attachment":[{"href":"https:\/\/regattas.bodrumsporyelken.org\/tr\/wp-json\/wp\/v2\/media?parent=264"}],"curies":[{"name":"wp","href":"https:\/\/api.w.org\/{rel}","templated":true}]}}