{"id":262,"date":"2026-02-07T08:53:55","date_gmt":"2026-02-07T08:53:55","guid":{"rendered":"https:\/\/regattas.bodrumsporyelken.org\/register-sailor\/"},"modified":"2026-02-07T08:53:55","modified_gmt":"2026-02-07T08:53:55","slug":"register-sailor","status":"publish","type":"page","link":"https:\/\/regattas.bodrumsporyelken.org\/tr\/mandarin\/register-sailor\/","title":{"rendered":"Mandarin Sailor Registration"},"content":{"rendered":"<div  class=\"tpgb-container-row tpgb-block-a0a8_108  tpgb-nxtcont-type    alignwide   tpgb-container-wide  \" data-id=\"a0a8_108\"  ><div class=\"tpgb-cont-in\">\n<div class=\"tpgb-container-col tpgb-block-504c_108 \" data-id=\"504c_108\"  >\n<div  class=\"tpgb-heading-title tpgb-relative-block heading_style tpgb-block-477a_108  heading-style-1\"><div class=\"sub-style\"><div class=\"sub-heading \"><div class=\"heading-sub-title\">Event<\/div><\/div><div class=\"head-title \"><h1 class=\"heading-title\">Bodrum Mandarin Cup Sailor Registration<\/h1><\/div><\/div><\/div>\n\n\n<div class=\"tpgb-pro-paragraph tpgb-block-59d5_108\"><div class=\"pro-paragraph-inner\"><p>You can click the\u00a0<strong><em>+ icon<\/em><\/strong>\u00a0to add multiple sailors.<\/p><\/div><\/div>\n\n\n<div class='fluentform ff-default fluentform_wrapper_6  ff_guten_block ff_guten_block-6 ffs_default_wrap'><form data-form_id=\"6\" id=\"fluentform_6\" class=\"frm-fluent-form fluent_form_6 ff-el-form-top ff_form_instance_6_1 ff-form-loading ffs_default\" data-form_instance=\"ff_form_instance_6_1\" method=\"POST\" ><fieldset  style=\"border: none!important;margin: 0!important;padding: 0!important;background-color: transparent!important;box-shadow: none!important;outline: none!important; min-inline-size: 100%;\">\n                    <legend class=\"ff_screen_reader_title\" style=\"display: block; margin: 0!important;padding: 0!important;height: 0!important;text-indent: -999999px;width: 0!important;overflow:hidden;\">Mandarin Sporcu<\/legend><input type='hidden' name='__fluent_form_embded_post_id' value='262' \/><input type=\"hidden\" id=\"_fluentform_6_fluentformnonce\" name=\"_fluentform_6_fluentformnonce\" value=\"5f4a59149e\" \/><input type=\"hidden\" name=\"_wp_http_referer\" value=\"\/tr\/wp-json\/wp\/v2\/pages\/262\" \/>        <div class=\"ff-repeater-container ff-el-repeater  ff_columns_total_2 \" data-name=\"repeater_container\" data-root_name=\"repeater_container\" data-type=\"repeater_container\" >\n            <div class='ff-el-input--label asterisk-right'><label aria-label='Sporcu bilgileri \/ Sailor information' for=''>Sporcu bilgileri \/ Sailor information<\/label><\/div>            <div class='ff-el-input--content'>\n                <div role=\"list\" aria-label=\"\" data-max_repeat=\"\" data-root_name=\"repeater_container\" class=\"ff_repeater_container_list ff_flexible_list\">\n                    <div class=\"ff_repeater_body\" role=\"rowgroup\">\n                        <div class=\"ff_repeater_cont_row\" role=\"row\">\n                            <div class='ff-t-cell ff-t-column-1' style='flex-basis: 50%;'>\n                <div class=\"ff_repeater_cell\" role=\"cell\">\n<!--                    <div class=\"--><!--\">-->\n<!--                        <label for=\"--><!--\">-->\n<!--                            --><!--                        <\/label>-->\n<!--                    <\/div>-->\n            \n                    <div class='ff-el-group'><div class=\"ff-el-input--label ff-el-is-required asterisk-right\"><label for='ff_6_repeater_container_0' id='label_ff_6_repeater_container_0' aria-label=\"Ad\u0131 \/ Name\">Ad\u0131 \/ Name<\/label><\/div><div class='ff-el-input--content'><input type=\"text\" name=\"repeater_container[0][0]\" class=\"ff-el-form-control\" data-name=\"repeater_container_0_0\" aria-label=\"repeater level 1 and field Ad\u0131 \/ Name\" id=\"ff_6_repeater_container_0\" data-repeater_index=\"0\" data-type=\"repeater_container\" data-error_index=\"repeater_container[0]\" data-condition_field_name=\"repeater_container_condition_0_0\"  aria-invalid=\"false\" aria-required=true><\/div><\/div>                <\/div>\n                \n                <div class=\"ff_repeater_cell\" role=\"cell\">\n<!--                    <div class=\"--><!--\">-->\n<!--                        <label for=\"--><!--\">-->\n<!--                            --><!--                        <\/label>-->\n<!--                    <\/div>-->\n            \n                    <div class='ff-el-group'><div class=\"ff-el-input--label ff-el-is-required asterisk-right\"><label for='ff_6_repeater_container_1' id='label_ff_6_repeater_container_1' aria-label=\"Yelken No \/ Sail No\">Yelken No \/ Sail No<\/label><\/div><div class='ff-el-input--content'><input type=\"text\" name=\"repeater_container[0][1]\" class=\"ff-el-form-control\" data-name=\"repeater_container_1_0\" aria-label=\"repeater level 1 and field Yelken No \/ Sail No\" id=\"ff_6_repeater_container_1\" data-repeater_index=\"1\" data-type=\"repeater_container\" data-error_index=\"repeater_container[1]\" data-condition_field_name=\"repeater_container_condition_0_1\"  aria-invalid=\"false\" aria-required=true><\/div><\/div>                <\/div>\n                \n                <div class=\"ff_repeater_cell\" role=\"cell\">\n<!--                    <div class=\"--><!--\">-->\n<!--                        <label for=\"--><!--\">-->\n<!--                            --><!--                        <\/label>-->\n<!--                    <\/div>-->\n            \n                    <div class='ff-el-group'><div class=\"ff-el-input--label ff-el-is-required asterisk-right\"><label for='ff_6_repeater_container_2' id='label_ff_6_repeater_container_2' aria-label=\"Cinsiyet \/ Gender\">Cinsiyet \/ Gender<\/label><\/div><div class='ff-el-input--content'><select name=\"repeater_container[0][2]\" id=\"ff_6_repeater_container_2\" class=\"ff-el-form-control\" data-name=\"repeater_container_2_0\" aria-label=\"repeater level 1 and field Cinsiyet \/ Gender\" data-repeater_index=\"2\" data-type=\"repeater_container\" data-error_index=\"repeater_container[2]\" data-condition_field_name=\"repeater_container_condition_0_2\" data-calc_value=\"0\"  aria-invalid=\"false\" aria-required=\"true\" aria-labelledby=\"label_ff_6_repeater_container_2\"><option value=\"\">&#8211; Select &#8211;<\/option><option value=\"Erkek \/ Male\"  >Erkek \/ Male<\/option><option value=\"Kad\u0131n \/ Female\"  >Kad\u0131n \/ Female<\/option><\/select><\/div><\/div>                <\/div>\n                <\/div><div class='ff-t-cell ff-t-column-2' style='flex-basis: 50%;'>\n                <div class=\"ff_repeater_cell\" role=\"cell\">\n<!--                    <div class=\"--><!--\">-->\n<!--                        <label for=\"--><!--\">-->\n<!--                            --><!--                        <\/label>-->\n<!--                    <\/div>-->\n            \n                    <div class='ff-el-group'><div class=\"ff-el-input--label ff-el-is-required asterisk-right\"><label for='ff_6_repeater_container_3' id='label_ff_6_repeater_container_3' aria-label=\"Soyad\u0131 \/ Surname\">Soyad\u0131 \/ Surname<\/label><\/div><div class='ff-el-input--content'><input type=\"text\" name=\"repeater_container[0][3]\" class=\"ff-el-form-control\" data-name=\"repeater_container_3_0\" aria-label=\"repeater level 1 and field Soyad\u0131 \/ Surname\" id=\"ff_6_repeater_container_3\" data-repeater_index=\"3\" data-type=\"repeater_container\" data-error_index=\"repeater_container[3]\" data-condition_field_name=\"repeater_container_condition_1_0\"  aria-invalid=\"false\" aria-required=true><\/div><\/div>                <\/div>\n                \n                <div class=\"ff_repeater_cell\" role=\"cell\">\n<!--                    <div class=\"--><!--\">-->\n<!--                        <label for=\"--><!--\">-->\n<!--                            --><!--                        <\/label>-->\n<!--                    <\/div>-->\n            \n                    <div class='ff-el-group'><div class=\"ff-el-input--label ff-el-is-required asterisk-right\"><label for='ff_6_repeater_container_4' id='label_ff_6_repeater_container_4' aria-label=\"Do\u011fum G\u00fcn\u00fc \/ Birth Date\">Do\u011fum G\u00fcn\u00fc \/ Birth Date<\/label><\/div><div class='ff-el-input--content'><input type=\"text\" name=\"repeater_container[0][4]\" class=\"ff-el-form-control\" placeholder=\"DD.MM.YYYY\" data-name=\"repeater_container_4_0\" aria-label=\"repeater level 1 and field Do\u011fum G\u00fcn\u00fc \/ Birth Date\" id=\"ff_6_repeater_container_4\" data-repeater_index=\"4\" data-type=\"repeater_container\" data-error_index=\"repeater_container[4]\" data-condition_field_name=\"repeater_container_condition_1_1\"  aria-invalid=\"false\" aria-required=true><\/div><\/div>                <\/div>\n                <\/div><div class='ff_repeater_cell repeat_btn' role='cell' style='flex-basis: 0%;'><div class=\"ff-el-repeat-buttons-list js-container-repeat-buttons\"><span role=\"button\" aria-label=\"add repeater\" class=\"repeat-plus\"><svg tabindex=\"0\" width=\"20\" height=\"20\" viewBox=\"0 0 512 512\"><path d=\"m256 48c-115 0-208 93-208 208 0 115 93 208 208 208 115 0 208-93 208-208 0-115-93-208-208-208z m107 229l-86 0 0 86-42 0 0-86-86 0 0-42 86 0 0-86 42 0 0 86 86 0z\"><\/path><\/svg><\/span><span role=\"button\" aria-label=\"remove repeater\" class=\"repeat-minus\"><svg tabindex=\"0\" width=\"20\" height=\"20\" viewBox=\"0 0 512 512\"><path d=\"m256 48c-115 0-208 93-208 208 0 115 93 208 208 208 115 0 208-93 208-208 0-115-93-208-208-208z m107 229l-214 0 0-42 214 0z\"\"><\/path><\/svg><\/span><\/div><\/div>                        <\/div>\n                    <\/div>\n                <\/div>\n            <\/div>\n        <\/div>\n        <div class='ff-el-group ff-text-left ff_submit_btn_wrapper'><button type=\"submit\" class=\"ff-btn ff-btn-submit ff-btn-md ff_btn_style\"  aria-label=\"Kayd\u0131 tamamla \/ Complete the registration\">Kayd\u0131 tamamla \/ Complete the registration<\/button><\/div><\/fieldset><\/form><div id='fluentform_6_errors' class='ff-errors-in-stack ff_form_instance_6_1 ff-form-loading_errors ff_form_instance_6_1_errors'><\/div><\/div>            <script type=\"text\/javascript\">\n                window.fluent_form_ff_form_instance_6_1 = {\"id\":\"6\",\"ajaxUrl\":\"https:\\\/\\\/regattas.bodrumsporyelken.org\\\/wp-admin\\\/admin-ajax.php\",\"settings\":{\"layout\":{\"labelPlacement\":\"top\",\"asteriskPlacement\":\"asterisk-right\",\"helpMessagePlacement\":\"with_label\",\"errorMessagePlacement\":\"inline\",\"cssClassName\":\"\"},\"restrictions\":{\"denyEmptySubmission\":{\"enabled\":false}}},\"form_instance\":\"ff_form_instance_6_1\",\"form_id_selector\":\"fluentform_6\",\"rules\":{\"repeater_container[0]\":{\"required\":{\"value\":true,\"message\":\"This field is required\",\"global_message\":\"This field is required\",\"global\":false}},\"repeater_container[1]\":{\"required\":{\"value\":true,\"message\":\"This field is required\",\"global_message\":\"This field is required\",\"global\":true}},\"repeater_container[2]\":{\"required\":{\"value\":true,\"message\":\"This field is required\",\"global_message\":\"This field is required\",\"global\":true}},\"repeater_container[3]\":{\"required\":{\"value\":true,\"message\":\"This field is required\",\"global_message\":\"This field is required\",\"global\":true}},\"repeater_container[4]\":{\"required\":{\"value\":true,\"message\":\"This field is required\",\"global_message\":\"This field is required\",\"global\":true}}},\"debounce_time\":300};\n                            <\/script>\n            \n<\/div>\n\n<div class=\"tpgb-container-col tpgb-block-af1b_108 \" data-id=\"af1b_108\"  >\n<div  class=\"tpgb-container-row tpgb-block-34b2_108  tpgb-nxtcont-type tpgb-container-262    alignwide   tpgb-container-inline tpgb-container-wide  \" data-id=\"34b2_108\"  ><div class=\"tpgb-cont-in\">\n<div class=\"tpgb-stylist-list tpgb-relative-block tpgb-block-c181_108  align-left  \" ><div class=\"tpgb-icon-list-items d-flex-center\"><div id=\"tooltip69f2a70db7710\" class=\"tpgb-icon-list-item tp-repeater-item-35ut active\"  ><div class=\"tpgb-icon-list-icon\"><i class=\"list-icon fas fa-calendar\" aria-hidden=\"true\"><\/i><\/div><div class=\"tpgb-icon-list-text\"><p><strong>Date:<\/strong> 15.01.2026<\/p><\/div><\/div><div id=\"tooltip69f2a70db772e\" class=\"tpgb-icon-list-item tp-repeater-item-pubc \"  ><div class=\"tpgb-icon-list-icon\"><i class=\"list-icon fas fa-calendar\" aria-hidden=\"true\"><\/i><\/div><div class=\"tpgb-icon-list-text\"><p><strong>Duration:<\/strong> 120min<\/p><\/div><\/div><div id=\"tooltip69f2a70db773b\" class=\"tpgb-icon-list-item tp-repeater-item-0 \"  ><div class=\"tpgb-icon-list-icon\"><i class=\"list-icon fas fa-calendar\" aria-hidden=\"true\"><\/i><\/div><div class=\"tpgb-icon-list-text\"><p><strong>Price:<\/strong> Free<\/p><\/div><\/div><\/div><\/div>\n<\/div><\/div>\n\n<div  class=\"tpgb-container-row tpgb-block-cddc_108  tpgb-nxtcont-type tpgb-container-262    alignwide   tpgb-container-inline tpgb-container-wide  \" data-id=\"cddc_108\"  ><div class=\"tpgb-cont-in\">\n\n<h4 class=\"wp-block-tpgb-tp-heading tp-core-heading tpgb-block-85c4_108\">Schedule<\/h4>\n\n\n<div class=\"tpgb-stylist-list tpgb-relative-block tpgb-block-a6c9_108  align-left  \" ><div class=\"tpgb-icon-list-items d-flex-center\"><div id=\"tooltip69f2a70db81e9\" class=\"tpgb-icon-list-item tp-repeater-item-whu0 active\"  ><div class=\"tpgb-icon-list-icon\"><i class=\"list-icon fas fa-circle\" aria-hidden=\"true\"><\/i><\/div><div class=\"tpgb-icon-list-text\"><p>17:00 \u2013 Boarding and cabin orientation<\/p><\/div><\/div><div id=\"tooltip69f2a70db81f9\" class=\"tpgb-icon-list-item tp-repeater-item-c6bj \"  ><div class=\"tpgb-icon-list-icon\"><i class=\"list-icon fas fa-circle\" aria-hidden=\"true\"><\/i><\/div><div class=\"tpgb-icon-list-text\"><p>17:30 \u2013 Departure to calm bay<\/p><\/div><\/div><div id=\"tooltip69f2a70db8204\" class=\"tpgb-icon-list-item tp-repeater-item-3isi \"  ><div class=\"tpgb-icon-list-icon\"><i class=\"list-icon fas fa-circle\" aria-hidden=\"true\"><\/i><\/div><div class=\"tpgb-icon-list-text\"><p>19:00 \u2013 Anchoring and dinner served<\/p><\/div><\/div><div id=\"tooltip69f2a70db8213\" class=\"tpgb-icon-list-item tp-repeater-item-09f7 \"  ><div class=\"tpgb-icon-list-icon\"><i class=\"list-icon fas fa-circle\" aria-hidden=\"true\"><\/i><\/div><div class=\"tpgb-icon-list-text\"><p>21:00 \u2013 Stargazing setup with blankets &amp; deck cushions<\/p><\/div><\/div><div id=\"tooltip69f2a70db821a\" class=\"tpgb-icon-list-item tp-repeater-item-cwiy \"  ><div class=\"tpgb-icon-list-icon\"><i class=\"list-icon fas fa-circle\" aria-hidden=\"true\"><\/i><\/div><div class=\"tpgb-icon-list-text\"><p>23:00 \u2013 Overnight stay in cabins<\/p><\/div><\/div><div id=\"tooltip69f2a70db8221\" class=\"tpgb-icon-list-item tp-repeater-item-ftnh \"  ><div class=\"tpgb-icon-list-icon\"><i class=\"list-icon fas fa-circle\" aria-hidden=\"true\"><\/i><\/div><div class=\"tpgb-icon-list-text\"><p>07:30 \u2013 Morning breakfast with sea view<\/p><\/div><\/div><div id=\"tooltip69f2a70db8227\" class=\"tpgb-icon-list-item tp-repeater-item-35ut \"  ><div class=\"tpgb-icon-list-icon\"><i class=\"list-icon fas fa-circle\" aria-hidden=\"true\"><\/i><\/div><div class=\"tpgb-icon-list-text\"><p>09:00 \u2013 Return to marina<\/p><\/div><\/div><\/div><\/div>\n\n<div class=\"tpgb-plus-button tpgb-relative-block tpgb-block-5a5b_108 button-style-1   \"><div class=\"animted-content-inner\"><a href=\"\/mandarin\/\"   class=\"button-link-wrap tpgb-trans-linear    \" role=\"button\" aria-label=\"Back to Event\" data-hover=\"Click Here\" ><span><span class=\"btn-icon tpgb-trans-linear  button-before\"><i class=\"fas fa-chevron-left\"><\/i><\/span>Back to Event<\/span><\/a><\/div><\/div>\n<\/div><\/div>\n<\/div>\n<\/div><\/div>","protected":false},"excerpt":{"rendered":"","protected":false},"author":1,"featured_media":0,"parent":265,"menu_order":0,"comment_status":"closed","ping_status":"closed","template":"","meta":{"tpgb_global_settings":"","powered_cache_disable_cache":false,"powered_cache_disable_lazyload":false,"powered_cache_disable_css_optimization":false,"powered_cache_disable_js_optimization":false,"powered_cache_disable_js_defer":false,"powered_cache_disable_js_delay":false,"footnotes":""},"class_list":["post-262","page","type-page","status-publish","hentry"],"tpgb_featured_images":null,"tpgb_post_meta_info":{"get_date":"\u015eubat 7, 2026","get_modified_date":"\u015eubat 7, 2026","author_name":"byelken","author_url":"https:\/\/regattas.bodrumsporyelken.org\/tr\/author\/byelken\/","author_email":"info@bw.agency","author_website":"https:\/\/regattas.bodrumsporyelken.org","author_description":"","author_facebook":"","author_twitter":"","author_instagram":"","author_role":["administrator"],"author_firstname":"","author_lastname":"","user_login":"byelken","author_avatar":"<img alt='' src='https:\/\/secure.gravatar.com\/avatar\/0b62641e64017fcfad17262c1f2f6d64eb89bc075ba90169eb0a865c8d52d7c2?s=200&#038;d=mm&#038;r=g' srcset='https:\/\/secure.gravatar.com\/avatar\/0b62641e64017fcfad17262c1f2f6d64eb89bc075ba90169eb0a865c8d52d7c2?s=400&#038;d=mm&#038;r=g 2x' class='avatar avatar-200 photo' height='200' width='200' decoding='async'\/>","author_avatar_url":"https:\/\/secure.gravatar.com\/avatar\/0b62641e64017fcfad17262c1f2f6d64eb89bc075ba90169eb0a865c8d52d7c2?s=96&d=mm&r=g","comment_count":0,"post_likes":0,"post_views":0},"tpgb_post_category":[],"_links":{"self":[{"href":"https:\/\/regattas.bodrumsporyelken.org\/tr\/wp-json\/wp\/v2\/pages\/262","targetHints":{"allow":["GET"]}}],"collection":[{"href":"https:\/\/regattas.bodrumsporyelken.org\/tr\/wp-json\/wp\/v2\/pages"}],"about":[{"href":"https:\/\/regattas.bodrumsporyelken.org\/tr\/wp-json\/wp\/v2\/types\/page"}],"author":[{"embeddable":true,"href":"https:\/\/regattas.bodrumsporyelken.org\/tr\/wp-json\/wp\/v2\/users\/1"}],"replies":[{"embeddable":true,"href":"https:\/\/regattas.bodrumsporyelken.org\/tr\/wp-json\/wp\/v2\/comments?post=262"}],"version-history":[{"count":0,"href":"https:\/\/regattas.bodrumsporyelken.org\/tr\/wp-json\/wp\/v2\/pages\/262\/revisions"}],"up":[{"embeddable":true,"href":"https:\/\/regattas.bodrumsporyelken.org\/tr\/wp-json\/wp\/v2\/pages\/265"}],"wp:attachment":[{"href":"https:\/\/regattas.bodrumsporyelken.org\/tr\/wp-json\/wp\/v2\/media?parent=262"}],"curies":[{"name":"wp","href":"https:\/\/api.w.org\/{rel}","templated":true}]}}